{"id":8855,"date":"2024-03-21T09:36:01","date_gmt":"2024-03-21T08:36:01","guid":{"rendered":"https:\/\/salesacceleration.se\/?page_id=8855"},"modified":"2024-09-09T11:51:16","modified_gmt":"2024-09-09T09:51:16","slug":"om-oss","status":"publish","type":"page","link":"https:\/\/salesacceleration.se\/sv_se\/om-oss\/","title":{"rendered":"om oss"},"content":{"rendered":"<div data-colibri-id=\"8855-c1\" class=\"style-1093 style-local-8855-c1 position-relative\">\n  <!---->\n  <div data-colibri-component=\"section\" data-colibri-id=\"8855-c2\" id=\"omsales\" class=\"h-section h-section-global-spacing d-flex align-items-lg-center align-items-md-center align-items-center style-1232 style-local-8855-c2 position-relative\">\n    <!---->\n    <!---->\n    <div class=\"h-section-grid-container h-section-boxed-container\">\n      <!---->\n      <div data-colibri-id=\"8855-c3\" class=\"h-row-container gutters-row-lg-2 gutters-row-md-2 gutters-row-2 gutters-row-v-lg-2 gutters-row-v-md-2 gutters-row-v-2 style-1132 style-local-8855-c3 position-relative\">\n        <!---->\n        <div class=\"h-row justify-content-lg-center justify-content-md-center justify-content-center align-items-lg-stretch align-items-md-stretch align-items-stretch gutters-col-lg-2 gutters-col-md-2 gutters-col-2 gutters-col-v-lg-2 gutters-col-v-md-2 gutters-col-v-2\">\n          <!---->\n          <div class=\"h-column h-column-container d-flex h-col-lg-auto h-col-md-auto h-col-auto style-1133-outer style-local-8855-c4-outer\">\n            <div data-colibri-id=\"8855-c4\" class=\"d-flex h-flex-basis h-column__inner h-px-lg-2 h-px-md-2 h-px-2 v-inner-lg-2 v-inner-md-2 v-inner-2 style-1133 style-local-8855-c4 position-relative\">\n              <!---->\n              <!---->\n              <div class=\"w-100 h-y-container h-column__content h-column__v-align flex-basis-100 align-self-lg-center align-self-md-center align-self-center\">\n                <!---->\n                <div data-colibri-id=\"8855-c5\" class=\"d-block style-1134 style-local-8855-c5 position-relative h-element\">\n                  <!---->\n                  <div class=\"h-image__frame-container-outer\">\n                    <div class=\"h-image__frame-container\">\n                      <!---->\n                      <!---->\n                      <img loading=\"lazy\" decoding=\"async\" width=\"400\" height=\"188\" src=\"https:\/\/salesacceleration.se\/wp-content\/uploads\/2024\/03\/cropped-Logo2-SA3.webp\" class=\"wp-image-7735 style-1134-image style-local-8855-c5-image\" alt=\"\" srcset=\"https:\/\/salesacceleration.se\/wp-content\/uploads\/2024\/03\/cropped-Logo2-SA3.webp 400w, https:\/\/salesacceleration.se\/wp-content\/uploads\/2024\/03\/cropped-Logo2-SA3-300x141.webp 300w\" sizes=\"auto, (max-width: 400px) 100vw, 400px\" \/>\n                      <div class=\"h-image__frame h-hide-lg h-hide-md h-hide-sm style-1134-frameImage style-local-8855-c5-frameImage\"><\/div>\n                    <\/div>\n                  <\/div>\n                <\/div>\n                <div data-colibri-id=\"8855-c6\" class=\"h-global-transition-all h-heading style-1136 style-local-8855-c6 position-relative h-element\">\n                  <!---->\n                  <div class=\"h-heading__outer style-1136 style-local-8855-c6\">\n                    <!---->\n                    <!---->\n                    <h2 class=\"\">v\u00e5r Historia<\/h2>\n                  <\/div>\n                <\/div>\n                <div data-colibri-id=\"8855-c7\" class=\"h-global-transition-all h-heading style-1137 style-local-8855-c7 position-relative h-element\">\n                  <!---->\n                  <div class=\"h-heading__outer style-1137 style-local-8855-c7\">\n                    <!---->\n                    <!---->\n                    <h6 class=\"\">historien bakom salesacceleration<\/h6>\n                  <\/div>\n                <\/div>\n              <\/div>\n            <\/div>\n          <\/div>\n        <\/div>\n      <\/div>\n      <div data-colibri-id=\"8855-c8\" class=\"h-row-container gutters-row-lg-2 gutters-row-md-2 gutters-row-0 gutters-row-v-lg-2 gutters-row-v-md-2 gutters-row-v-2 style-1251 style-local-8855-c8 position-relative\">\n        <!---->\n        <div class=\"h-row justify-content-lg-center justify-content-md-center justify-content-center align-items-lg-stretch align-items-md-stretch align-items-stretch gutters-col-lg-2 gutters-col-md-2 gutters-col-0 gutters-col-v-lg-2 gutters-col-v-md-2 gutters-col-v-2\">\n          <!---->\n          <div class=\"h-column h-column-container d-flex h-col-lg-auto h-col-md-auto h-col-auto style-1252-outer style-local-8855-c9-outer\">\n            <div data-colibri-id=\"8855-c9\" class=\"d-flex h-flex-basis h-column__inner h-px-lg-2 h-px-md-2 h-px-2 v-inner-lg-2 v-inner-md-2 v-inner-2 style-1252 style-local-8855-c9 position-relative\">\n              <!---->\n              <!---->\n              <div class=\"w-100 h-y-container h-column__content h-column__v-align flex-basis-100 align-self-lg-start align-self-md-start align-self-start\">\n                <!---->\n                <div data-colibri-id=\"8855-c10\" class=\"h-text h-text-component style-1138 style-local-8855-c10 position-relative h-element\">\n                  <!---->\n                  <!---->\n                  <div class=\"\">\n                    <p>V\u00e5ra onboarding- och utbildningsprogram har utvecklats som en l\u00f6sning p\u00e5 de utmaningar man ofta m\u00f6ter n\u00e4r man <strong style=\"font-weight: 700;\">s\u00e4ljer produkter- och tj\u00e4nster, leder ett bolag, ska utveckla ett team, omvandla nya kollegor till produktiva medarbetare eller inspirera erfarna kollegor att till\u00e4mpa nya strategier f\u00f6r att s\u00e4kra framtiden<\/strong>                      och det i regel <strong style=\"font-weight: 700;\">samtidigt som man har ett resultatansvar<\/strong>.<\/p>\n                    <p>Det \u00e4r l\u00e4tt att hamna i prioriteringar d\u00e4r det ena g\u00e5r f\u00f6re det andra, vilket snabbt kan leda till problem.<\/p>\n                    <p>V\u00e5ra program \u00e4r utformade f\u00f6r att l\u00f6sa denna problematik och s\u00e4kerst\u00e4lla att man inte beh\u00f6ver g\u00f6ra avkall p\u00e5 varken onboarding-processen, individuell utveckling eller resultatet i aff\u00e4rsverksamheten.<\/p>\n                    <p>Varje program best\u00e5r av noggrant utvalda moduler, som tillsammans t\u00e4cker en omfattande kunskapsbas och ett urval av bepr\u00f6vade verktyg. Dessa har genom \u00e5ren bidragit till att utbilda och utveckla m\u00e5nga s\u00e4ljare och konsulter till att\n                      bli framg\u00e5ngsrika inom sitt omr\u00e5de.<\/p>\n                    <p>Vi har valt att skapa utbildningsprogram som \u00e4r l\u00e4mpliga f\u00f6r bolag som driver konsultativa s\u00e4ljprocesser d\u00e4r fokus \u00e4r p\u00e5 skapa kundv\u00e4rde och inte s\u00e4lja p\u00e5 pris.&nbsp;<\/p>\n                    <p>Genom en kombination av inspirerande f\u00f6rel\u00e4sningar, praktisk teori och realistiska uppgifter kommer vi&nbsp;att fokusera deltagarna p\u00e5 att utveckla sin och&nbsp;bolagets aff\u00e4rspipeline.&nbsp;<\/p>\n                    <p>Vi vet att med prestation i fokus och kunskapen p\u00e5 plats kommer resultatet att \u00f6ka.<\/p>\n                    <p>\n                      <br>\n                    <\/p>\n                  <\/div>\n                <\/div>\n              <\/div>\n            <\/div>\n          <\/div>\n        <\/div>\n      <\/div>\n    <\/div>\n  <\/div>\n  <div data-colibri-component=\"section\" data-colibri-id=\"8855-c11\" id=\"ompeter\" class=\"h-section h-section-global-spacing d-flex align-items-lg-center align-items-md-center align-items-center style-1131 style-local-8855-c11 position-relative\">\n    <!---->\n    <!---->\n    <div class=\"h-section-grid-container h-section-boxed-container\">\n      <!---->\n      <div data-colibri-id=\"8855-c12\" class=\"h-row-container gutters-row-lg-2 gutters-row-md-2 gutters-row-2 gutters-row-v-lg-2 gutters-row-v-md-2 gutters-row-v-2 style-1132 style-local-8855-c12 position-relative\">\n        <!---->\n        <div class=\"h-row justify-content-lg-center justify-content-md-center justify-content-center align-items-lg-stretch align-items-md-stretch align-items-stretch gutters-col-lg-2 gutters-col-md-2 gutters-col-2 gutters-col-v-lg-2 gutters-col-v-md-2 gutters-col-v-2\">\n          <!---->\n          <div class=\"h-column h-column-container d-flex h-col-lg-auto h-col-md-auto h-col-auto style-1133-outer style-local-8855-c13-outer\">\n            <div data-colibri-id=\"8855-c13\" class=\"d-flex h-flex-basis h-column__inner h-px-lg-2 h-px-md-2 h-px-2 v-inner-lg-2 v-inner-md-2 v-inner-2 style-1133 style-local-8855-c13 position-relative\">\n              <!---->\n              <!---->\n              <div class=\"w-100 h-y-container h-column__content h-column__v-align flex-basis-100 align-self-lg-center align-self-md-center align-self-center\">\n                <!---->\n                <div data-colibri-id=\"8855-c14\" class=\"h-global-transition-all h-heading style-1136 style-local-8855-c14 position-relative h-element\">\n                  <!---->\n                  <div class=\"h-heading__outer style-1136 style-local-8855-c14\">\n                    <!---->\n                    <!---->\n                    <h2 class=\"\">v\u00e5r Grundare<\/h2>\n                  <\/div>\n                <\/div>\n                <div data-colibri-id=\"8855-c15\" class=\"h-global-transition-all h-heading style-1137 style-local-8855-c15 position-relative h-element\">\n                  <!---->\n                  <div class=\"h-heading__outer style-1137 style-local-8855-c15\">\n                    <!---->\n                    <!---->\n                    <h6 class=\"\">Om peter jankevics<\/h6>\n                  <\/div>\n                <\/div>\n              <\/div>\n            <\/div>\n          <\/div>\n          <div class=\"h-column h-column-container d-flex h-col-lg-auto h-col-md-auto h-col-auto style-1235-outer style-local-8855-c16-outer\">\n            <div data-colibri-id=\"8855-c16\" class=\"d-flex h-flex-basis h-column__inner h-px-lg-2 h-px-md-2 h-px-2 v-inner-lg-2 v-inner-md-2 v-inner-2 style-1235 style-local-8855-c16 position-relative\">\n              <!---->\n              <!---->\n              <div class=\"w-100 h-y-container h-column__content h-column__v-align flex-basis-100 align-self-lg-start align-self-md-start align-self-start\">\n                <!---->\n                <div data-colibri-id=\"8855-c17\" class=\"d-block style-1134 style-local-8855-c17 position-relative h-element\">\n                  <!---->\n                  <div class=\"h-image__frame-container-outer\">\n                    <div class=\"h-image__frame-container\">\n                      <!---->\n                      <!---->\n                      <img loading=\"lazy\" decoding=\"async\" width=\"2560\" height=\"1707\" src=\"https:\/\/salesacceleration.se\/wp-content\/uploads\/2024\/03\/240213-Peter-Jankevics-016-Webb-SV-scaled.jpg\" class=\"wp-image-8307 style-1134-image style-local-8855-c17-image\" alt=\"\" srcset=\"https:\/\/salesacceleration.se\/wp-content\/uploads\/2024\/03\/240213-Peter-Jankevics-016-Webb-SV-scaled.jpg 2560w, https:\/\/salesacceleration.se\/wp-content\/uploads\/2024\/03\/240213-Peter-Jankevics-016-Webb-SV-300x200.jpg 300w, https:\/\/salesacceleration.se\/wp-content\/uploads\/2024\/03\/240213-Peter-Jankevics-016-Webb-SV-1024x683.jpg 1024w, https:\/\/salesacceleration.se\/wp-content\/uploads\/2024\/03\/240213-Peter-Jankevics-016-Webb-SV-768x512.jpg 768w, https:\/\/salesacceleration.se\/wp-content\/uploads\/2024\/03\/240213-Peter-Jankevics-016-Webb-SV-1536x1024.jpg 1536w, https:\/\/salesacceleration.se\/wp-content\/uploads\/2024\/03\/240213-Peter-Jankevics-016-Webb-SV-2048x1365.jpg 2048w\" sizes=\"auto, (max-width: 2560px) 100vw, 2560px\" \/>\n                      <div class=\"h-image__frame h-hide-lg h-hide-md h-hide-sm style-1134-frameImage style-local-8855-c17-frameImage\"><\/div>\n                    <\/div>\n                  <\/div>\n                <\/div>\n              <\/div>\n            <\/div>\n          <\/div>\n        <\/div>\n      <\/div>\n      <div data-colibri-id=\"8855-c18\" class=\"h-row-container gutters-row-lg-2 gutters-row-md-2 gutters-row-0 gutters-row-v-lg-2 gutters-row-v-md-2 gutters-row-v-2 style-1236 style-local-8855-c18 position-relative\">\n        <!---->\n        <div class=\"h-row justify-content-lg-center justify-content-md-center justify-content-center align-items-lg-stretch align-items-md-stretch align-items-stretch gutters-col-lg-2 gutters-col-md-2 gutters-col-0 gutters-col-v-lg-2 gutters-col-v-md-2 gutters-col-v-2\">\n          <!---->\n          <div class=\"h-column h-column-container d-flex h-col-lg-auto h-col-md-auto h-col-auto style-1237-outer style-local-8855-c19-outer\">\n            <div data-colibri-id=\"8855-c19\" class=\"d-flex h-flex-basis h-column__inner h-px-lg-2 h-px-md-2 h-px-2 v-inner-lg-2 v-inner-md-2 v-inner-2 style-1237 style-local-8855-c19 position-relative\">\n              <!---->\n              <!---->\n              <div class=\"w-100 h-y-container h-column__content h-column__v-align flex-basis-100 align-self-lg-start align-self-md-start align-self-start\">\n                <!---->\n                <div data-colibri-id=\"8855-c20\" class=\"h-text h-text-component style-1138 style-local-8855-c20 position-relative h-element\">\n                  <!---->\n                  <!---->\n                  <div class=\"\">\n                    <p>Alla v\u00e5ra program \u00e4r skapade av Peter Jankevics, med en m\u00e5ng\u00e5rig karri\u00e4r inom f\u00f6rs\u00e4ljning och ledarskap i IT branschen.<\/p>\n                    <p>Peter, med examen i Industriell Ekonomi fr\u00e5n J\u00f6nk\u00f6ping University, inledde sin karri\u00e4r med att f\u00f6rmedla f\u00f6rs\u00e4kringar \u00f6ver telefon till privatpersoner, en erfarenhet som var en rivstart f\u00f6r hans yrkesm\u00e4ssiga utveckling inom f\u00f6rs\u00e4ljning.<\/p>\n                    <p>Hans f\u00f6rm\u00e5ga och driv tog honom vidare till Canon, d\u00e4r han efter att ha s\u00f6kt positionen som nykundss\u00e4ljare mot f\u00f6retag, snabbt avancerade till Account Manager och d\u00e4refter till Key Account Manager. Under denna period utm\u00e4rkte han sig\n                      som \u00e5rets s\u00e4ljare tv\u00e5 g\u00e5nger och medlem i den prestigefyllda topps\u00e4ljarklubben.<\/p>\n                    <p>Efter tre \u00e5r tog Peter steget upp till f\u00f6rs\u00e4ljningschef, en position som inte bara belyste hans talang i f\u00f6rs\u00e4ljning utan ocks\u00e5 hans f\u00f6rm\u00e5ga att utveckla aff\u00e4rsmannaskap hos andra. Under denna tid initierade bl.a. han ett nationellt\n                      introduktionsprogram f\u00f6r nya s\u00e4ljare som fortfarande b\u00e4r frukt genom dess alumner som idag innehar framst\u00e5ende positioner inom f\u00f6rs\u00e4ljning och produktansvar.<\/p>\n                    <p>Efter ett par \u00e5r blev Peter utsedd till regionsansvarig i Stockholm och VD f\u00f6r XL Office Team, tv\u00e5 uppdrag d\u00e4r han fortsatte att prioritera utveckling och framg\u00e5ng f\u00f6r b\u00e5de medarbetare och kunder.&nbsp;<\/p>\n                    <p>Ett genomg\u00e5ende tema i Peters karri\u00e4r har varit hans f\u00f6rm\u00e5ga att integrera digitala verktyg f\u00f6r att optimera och effektivisera verksamhetsprocesser.<\/p>\n                    <p>Nu leder han CIDIDO AB, ett konsultbolag som \u00e4r dedikerat till att f\u00f6rst\u00e4rka kundernas framg\u00e5ng d\u00e4r vi rustar team med verktyg och kompetens f\u00f6r att navigera framg\u00e5ngsrikt i dagens konkurrensutsatta marknader.<\/p>\n                    <p>Peter representerar en ovanlig kombination av djupg\u00e5ende erfarenhet inom f\u00f6rs\u00e4ljning och teknik. Han har innehaft ledande positioner s\u00e5v\u00e4l som leverant\u00f6r och som kund\/best\u00e4llare. I dessa roller har han inte bara varit s\u00e4ljare eller\n                      k\u00f6pare, utan aktivt drivit digitaliseringen av f\u00f6retagsprocesser, vilket gett honom en s\u00e4llsynt f\u00f6rst\u00e5else f\u00f6r de tekniska och aff\u00e4rsstrategiska aspekterna av digitaliseringsprojekt.<\/p>\n                    <p>Denna s\u00e4llsynta erfarenhet av att \u00f6verbrygga gapet mellan s\u00e4lj, teknik och kundbehov underl\u00e4ttar en samverkan som f\u00e5 kan efterlikna. Det \u00e4r Peters kunskap och erfarenhet som har anv\u00e4nts f\u00f6r att skapa v\u00e5ra utbildningsprogram, program\n                      d\u00e4r han inte bara f\u00f6rmedlar v\u00e4rde till deltagarna utan \u00e4ven skapar en kraftfull grund f\u00f6r framg\u00e5ng i den digitalt drivna aff\u00e4rsv\u00e4rlden.<\/p>\n                    <p>Hans passion f\u00f6r utveckling, b\u00e5de hos individer och deras verksamheter, forts\u00e4tter att vara en stark drivkraft i hans arbete.<\/p>\n                    <p>Ett tydligt exempel p\u00e5 detta \u00e4r hans skapande av utbildningsprogrammen Sales Acceleration Program och Information Management Acceleration Program.<\/p>\n                  <\/div>\n                <\/div>\n              <\/div>\n            <\/div>\n          <\/div>\n        <\/div>\n      <\/div>\n    <\/div>\n  <\/div>\n<\/div>","protected":false},"excerpt":{"rendered":"<p>v\u00e5r Historia historien bakom salesacceleration V\u00e5ra onboarding- och utbildningsprogram har utvecklats som en l\u00f6sning p\u00e5 de utmaningar man ofta m\u00f6ter n\u00e4r man s\u00e4ljer produkter- och tj\u00e4nster, leder ett bolag, ska utveckla ett team, omvandla nya kollegor till produktiva medarbetare eller inspirera erfarna kollegor att till\u00e4mpa nya strategier f\u00f6r att s\u00e4kra framtiden och det i regel [&hellip;]<\/p>\n","protected":false},"author":1,"featured_media":0,"parent":0,"menu_order":0,"comment_status":"closed","ping_status":"closed","template":"page-templates\/homepage.php","meta":{"footnotes":""},"class_list":["post-8855","page","type-page","status-publish","hentry"],"yoast_head":"<!-- This site is optimized with the Yoast SEO plugin v27.4 - https:\/\/yoast.com\/product\/yoast-seo-wordpress\/ -->\n<title>om oss - salesacceleration.se<\/title>\n<meta name=\"description\" content=\"salesacceleration.se %\" \/>\n<meta name=\"robots\" content=\"index, follow, max-snippet:-1, max-image-preview:large, max-video-preview:-1\" \/>\n<link rel=\"canonical\" href=\"https:\/\/salesacceleration.se\/sv_se\/om-oss\/\" \/>\n<meta property=\"og:locale\" content=\"sv_SE\" \/>\n<meta property=\"og:type\" content=\"article\" \/>\n<meta property=\"og:title\" content=\"om oss - salesacceleration.se\" \/>\n<meta property=\"og:description\" content=\"salesacceleration.se %\" \/>\n<meta property=\"og:url\" content=\"https:\/\/salesacceleration.se\/sv_se\/om-oss\/\" \/>\n<meta property=\"og:site_name\" content=\"salesacceleration.se\" \/>\n<meta property=\"article:modified_time\" content=\"2024-09-09T09:51:16+00:00\" \/>\n<meta property=\"og:image\" content=\"https:\/\/salesacceleration.se\/wp-content\/uploads\/2024\/03\/cropped-Logo2-SA3.webp\" \/>\n<meta name=\"twitter:card\" content=\"summary_large_image\" \/>\n<meta name=\"twitter:label1\" content=\"Ber\u00e4knad l\u00e4stid\" \/>\n\t<meta name=\"twitter:data1\" content=\"6 minuter\" \/>\n<script type=\"application\/ld+json\" class=\"yoast-schema-graph\">{\"@context\":\"https:\\\/\\\/schema.org\",\"@graph\":[{\"@type\":\"WebPage\",\"@id\":\"https:\\\/\\\/salesacceleration.se\\\/om-oss\\\/\",\"url\":\"https:\\\/\\\/salesacceleration.se\\\/om-oss\\\/\",\"name\":\"om oss - salesacceleration.se\",\"isPartOf\":{\"@id\":\"https:\\\/\\\/salesacceleration.se\\\/#website\"},\"primaryImageOfPage\":{\"@id\":\"https:\\\/\\\/salesacceleration.se\\\/om-oss\\\/#primaryimage\"},\"image\":{\"@id\":\"https:\\\/\\\/salesacceleration.se\\\/om-oss\\\/#primaryimage\"},\"thumbnailUrl\":\"https:\\\/\\\/salesacceleration.se\\\/wp-content\\\/uploads\\\/2024\\\/03\\\/cropped-Logo2-SA3.webp\",\"datePublished\":\"2024-03-21T08:36:01+00:00\",\"dateModified\":\"2024-09-09T09:51:16+00:00\",\"description\":\"salesacceleration.se %\",\"breadcrumb\":{\"@id\":\"https:\\\/\\\/salesacceleration.se\\\/om-oss\\\/#breadcrumb\"},\"inLanguage\":\"sv-SE\",\"potentialAction\":[{\"@type\":\"ReadAction\",\"target\":[\"https:\\\/\\\/salesacceleration.se\\\/om-oss\\\/\"]}]},{\"@type\":\"ImageObject\",\"inLanguage\":\"sv-SE\",\"@id\":\"https:\\\/\\\/salesacceleration.se\\\/om-oss\\\/#primaryimage\",\"url\":\"https:\\\/\\\/salesacceleration.se\\\/wp-content\\\/uploads\\\/2024\\\/03\\\/cropped-Logo2-SA3.webp\",\"contentUrl\":\"https:\\\/\\\/salesacceleration.se\\\/wp-content\\\/uploads\\\/2024\\\/03\\\/cropped-Logo2-SA3.webp\"},{\"@type\":\"BreadcrumbList\",\"@id\":\"https:\\\/\\\/salesacceleration.se\\\/om-oss\\\/#breadcrumb\",\"itemListElement\":[{\"@type\":\"ListItem\",\"position\":1,\"name\":\"Home\",\"item\":\"https:\\\/\\\/salesacceleration.se\\\/\"},{\"@type\":\"ListItem\",\"position\":2,\"name\":\"om oss\"}]},{\"@type\":\"WebSite\",\"@id\":\"https:\\\/\\\/salesacceleration.se\\\/#website\",\"url\":\"https:\\\/\\\/salesacceleration.se\\\/\",\"name\":\"salesacceleration.se\",\"description\":\"Accelerera Er F\u00f6rs\u00e4ljning med Oss!\",\"publisher\":{\"@id\":\"https:\\\/\\\/salesacceleration.se\\\/#organization\"},\"alternateName\":\"Konsultativs\u00e4ljutbildning med fokus p\u00e5 informtion management\",\"potentialAction\":[{\"@type\":\"SearchAction\",\"target\":{\"@type\":\"EntryPoint\",\"urlTemplate\":\"https:\\\/\\\/salesacceleration.se\\\/?s={search_term_string}\"},\"query-input\":{\"@type\":\"PropertyValueSpecification\",\"valueRequired\":true,\"valueName\":\"search_term_string\"}}],\"inLanguage\":\"sv-SE\"},{\"@type\":\"Organization\",\"@id\":\"https:\\\/\\\/salesacceleration.se\\\/#organization\",\"name\":\"CIDIDO AB - Website as a Service\",\"url\":\"https:\\\/\\\/salesacceleration.se\\\/\",\"logo\":{\"@type\":\"ImageObject\",\"inLanguage\":\"sv-SE\",\"@id\":\"https:\\\/\\\/salesacceleration.se\\\/#\\\/schema\\\/logo\\\/image\\\/\",\"url\":\"https:\\\/\\\/salesacceleration.se\\\/wp-content\\\/uploads\\\/2024\\\/03\\\/cropped-Logo2-SA3.webp\",\"contentUrl\":\"https:\\\/\\\/salesacceleration.se\\\/wp-content\\\/uploads\\\/2024\\\/03\\\/cropped-Logo2-SA3.webp\",\"width\":400,\"height\":188,\"caption\":\"CIDIDO AB - Website as a Service\"},\"image\":{\"@id\":\"https:\\\/\\\/salesacceleration.se\\\/#\\\/schema\\\/logo\\\/image\\\/\"}}]}<\/script>\n<!-- \/ Yoast SEO plugin. -->","yoast_head_json":{"title":"om oss - salesacceleration.se","description":"salesacceleration.se %","robots":{"index":"index","follow":"follow","max-snippet":"max-snippet:-1","max-image-preview":"max-image-preview:large","max-video-preview":"max-video-preview:-1"},"canonical":"https:\/\/salesacceleration.se\/sv_se\/om-oss\/","og_locale":"sv_SE","og_type":"article","og_title":"om oss - salesacceleration.se","og_description":"salesacceleration.se %","og_url":"https:\/\/salesacceleration.se\/sv_se\/om-oss\/","og_site_name":"salesacceleration.se","article_modified_time":"2024-09-09T09:51:16+00:00","og_image":[{"url":"https:\/\/salesacceleration.se\/wp-content\/uploads\/2024\/03\/cropped-Logo2-SA3.webp","type":"","width":"","height":""}],"twitter_card":"summary_large_image","twitter_misc":{"Ber\u00e4knad l\u00e4stid":"6 minuter"},"schema":{"@context":"https:\/\/schema.org","@graph":[{"@type":"WebPage","@id":"https:\/\/salesacceleration.se\/om-oss\/","url":"https:\/\/salesacceleration.se\/om-oss\/","name":"om oss - salesacceleration.se","isPartOf":{"@id":"https:\/\/salesacceleration.se\/#website"},"primaryImageOfPage":{"@id":"https:\/\/salesacceleration.se\/om-oss\/#primaryimage"},"image":{"@id":"https:\/\/salesacceleration.se\/om-oss\/#primaryimage"},"thumbnailUrl":"https:\/\/salesacceleration.se\/wp-content\/uploads\/2024\/03\/cropped-Logo2-SA3.webp","datePublished":"2024-03-21T08:36:01+00:00","dateModified":"2024-09-09T09:51:16+00:00","description":"salesacceleration.se %","breadcrumb":{"@id":"https:\/\/salesacceleration.se\/om-oss\/#breadcrumb"},"inLanguage":"sv-SE","potentialAction":[{"@type":"ReadAction","target":["https:\/\/salesacceleration.se\/om-oss\/"]}]},{"@type":"ImageObject","inLanguage":"sv-SE","@id":"https:\/\/salesacceleration.se\/om-oss\/#primaryimage","url":"https:\/\/salesacceleration.se\/wp-content\/uploads\/2024\/03\/cropped-Logo2-SA3.webp","contentUrl":"https:\/\/salesacceleration.se\/wp-content\/uploads\/2024\/03\/cropped-Logo2-SA3.webp"},{"@type":"BreadcrumbList","@id":"https:\/\/salesacceleration.se\/om-oss\/#breadcrumb","itemListElement":[{"@type":"ListItem","position":1,"name":"Home","item":"https:\/\/salesacceleration.se\/"},{"@type":"ListItem","position":2,"name":"om oss"}]},{"@type":"WebSite","@id":"https:\/\/salesacceleration.se\/#website","url":"https:\/\/salesacceleration.se\/","name":"salesacceleration.se","description":"Accelerera Er F\u00f6rs\u00e4ljning med Oss!","publisher":{"@id":"https:\/\/salesacceleration.se\/#organization"},"alternateName":"Konsultativs\u00e4ljutbildning med fokus p\u00e5 informtion management","potentialAction":[{"@type":"SearchAction","target":{"@type":"EntryPoint","urlTemplate":"https:\/\/salesacceleration.se\/?s={search_term_string}"},"query-input":{"@type":"PropertyValueSpecification","valueRequired":true,"valueName":"search_term_string"}}],"inLanguage":"sv-SE"},{"@type":"Organization","@id":"https:\/\/salesacceleration.se\/#organization","name":"CIDIDO AB - Website as a Service","url":"https:\/\/salesacceleration.se\/","logo":{"@type":"ImageObject","inLanguage":"sv-SE","@id":"https:\/\/salesacceleration.se\/#\/schema\/logo\/image\/","url":"https:\/\/salesacceleration.se\/wp-content\/uploads\/2024\/03\/cropped-Logo2-SA3.webp","contentUrl":"https:\/\/salesacceleration.se\/wp-content\/uploads\/2024\/03\/cropped-Logo2-SA3.webp","width":400,"height":188,"caption":"CIDIDO AB - Website as a Service"},"image":{"@id":"https:\/\/salesacceleration.se\/#\/schema\/logo\/image\/"}}]}},"_links":{"self":[{"href":"https:\/\/salesacceleration.se\/sv_se\/wp-json\/wp\/v2\/pages\/8855","targetHints":{"allow":["GET"]}}],"collection":[{"href":"https:\/\/salesacceleration.se\/sv_se\/wp-json\/wp\/v2\/pages"}],"about":[{"href":"https:\/\/salesacceleration.se\/sv_se\/wp-json\/wp\/v2\/types\/page"}],"author":[{"embeddable":true,"href":"https:\/\/salesacceleration.se\/sv_se\/wp-json\/wp\/v2\/users\/1"}],"replies":[{"embeddable":true,"href":"https:\/\/salesacceleration.se\/sv_se\/wp-json\/wp\/v2\/comments?post=8855"}],"version-history":[{"count":20,"href":"https:\/\/salesacceleration.se\/sv_se\/wp-json\/wp\/v2\/pages\/8855\/revisions"}],"predecessor-version":[{"id":10560,"href":"https:\/\/salesacceleration.se\/sv_se\/wp-json\/wp\/v2\/pages\/8855\/revisions\/10560"}],"wp:attachment":[{"href":"https:\/\/salesacceleration.se\/sv_se\/wp-json\/wp\/v2\/media?parent=8855"}],"curies":[{"name":"wp","href":"https:\/\/api.w.org\/{rel}","templated":true}]}}